{"id":6212,"date":"2026-01-24T16:29:05","date_gmt":"2026-01-24T16:29:05","guid":{"rendered":"https:\/\/mogup.immo\/politique-en-matiere-de-cookies\/"},"modified":"2026-02-01T19:43:16","modified_gmt":"2026-02-01T19:43:16","slug":"politique-en-matiere-de-cookies","status":"publish","type":"page","link":"https:\/\/mogup.immo\/fr\/politique-en-matiere-de-cookies\/","title":{"rendered":"Politique en mati\u00e8re de cookies"},"content":{"rendered":"<div class=\"flex flex-col text-sm pb-25\">\n<article class=\"text-token-text-primary w-full focus:outline-none [--shadow-height:45px] has-data-writing-block:pointer-events-none has-data-writing-block:-mt-(--shadow-height) has-data-writing-block:pt-(--shadow-height) [&amp;:has([data-writing-block])&gt;*]:pointer-events-auto scroll-mt-[calc(var(--header-height)+min(200px,max(70px,20svh)))]\" dir=\"auto\" tabindex=\"-1\" data-turn-id=\"request-WEB:faec9960-727b-459b-81e9-0bfd4ad432d6-5\" data-testid=\"conversation-turn-4\" data-scroll-anchor=\"true\" data-turn=\"assistant\">\n<div class=\"text-base my-auto mx-auto pb-10 [--thread-content-margin:--spacing(4)] @w-sm\/main:[--thread-content-margin:--spacing(6)] @w-lg\/main:[--thread-content-margin:--spacing(16)] px-(--thread-content-margin)\">\n<div class=\"[--thread-content-max-width:40rem] @w-lg\/main:[--thread-content-max-width:48rem] mx-auto max-w-(--thread-content-max-width) flex-1 group\/turn-messages focus-visible:outline-hidden relative flex w-full min-w-0 flex-col agent-turn\" tabindex=\"-1\">\n<div class=\"flex max-w-full flex-col grow\">\n<div class=\"min-h-8 text-message relative flex w-full flex-col items-end gap-2 text-start break-words whitespace-normal [.text-message+&amp;]:mt-1\" dir=\"auto\" data-message-author-role=\"assistant\" data-message-id=\"8b5e48c2-fbc9-403e-bf87-e4976aab3c80\" data-message-model-slug=\"gpt-5-2-thinking\">\n<div class=\"flex w-full flex-col gap-1 empty:hidden first:pt-[1px]\">\n<div class=\"markdown prose dark:prose-invert w-full wrap-break-word dark markdown-new-styling\">\n<p data-start=\"0\" data-end=\"28\"><strong data-start=\"0\" data-end=\"28\">Derni\u00e8re mise \u00e0 jour&nbsp;: 24\/01\/2026<\/strong><\/p>\n<h2 data-start=\"30\" data-end=\"53\">1. Qu\u2019est-ce qu\u2019un cookie&nbsp;?<\/h2>\n<p data-start=\"55\" data-end=\"340\">Un cookie (ou traceur) est un petit fichier enregistr\u00e9 sur votre appareil (ordinateur, t\u00e9l\u00e9phone portable, tablette) lorsque vous visitez un site web. Il contribue \u00e0 assurer le bon fonctionnement du site, am\u00e9liore l\u2019exp\u00e9rience utilisateur, s\u00e9curise la navigation et, selon vos choix, mesure le trafic ou propose un contenu plus pertinent. <\/p>\n<h2 data-start=\"342\" data-end=\"380\">2. Quels types de cookies utilisons-nous&nbsp;?<\/h2>\n<p data-start=\"382\" data-end=\"446\">Sur <strong data-start=\"385\" data-end=\"399\">mogup.immo<\/strong>, nous utilisons (ou pouvons utiliser) les cat\u00e9gories suivantes&nbsp;:<\/p>\n<h3 data-start=\"448\" data-end=\"492\">A) Cookies strictement n\u00e9cessaires (obligatoires)<\/h3>\n<p data-start=\"493\" data-end=\"648\">Ces cookies sont essentiels au fonctionnement du site web (par exemple, gestion de session, s\u00e9curit\u00e9, affichage, choix techniques et gestion de votre consentement aux cookies).<\/p>\n<p data-start=\"650\" data-end=\"727\">\u27a1\ufe0f Ils ne peuvent pas \u00eatre d\u00e9sactiv\u00e9s, car le site ne fonctionnerait pas correctement sans eux.<\/p>\n<h3 data-start=\"729\" data-end=\"775\">B) Cookies de mesure d\u2019audience (facultatifs)<\/h3>\n<p data-start=\"776\" data-end=\"934\">Ces cookies nous aident \u00e0 comprendre comment le site web est utilis\u00e9 (pages visit\u00e9es, temps pass\u00e9, sources de trafic, performances) afin que nous puissions am\u00e9liorer notre contenu et nos services.<\/p>\n<p data-start=\"936\" data-end=\"978\">\u27a1\ufe0f Ils ne sont plac\u00e9s qu\u2019avec votre consentement.<\/p>\n<h3 data-start=\"980\" data-end=\"1029\">C) Cookies de marketing\/publicit\u00e9 (facultatifs)<\/h3>\n<p data-start=\"1030\" data-end=\"1145\">Ces cookies peuvent \u00eatre utilis\u00e9s pour mesurer les performances des campagnes publicitaires et pour afficher un contenu plus pertinent.<\/p>\n<p data-start=\"1147\" data-end=\"1189\">\u27a1\ufe0f Ils ne sont plac\u00e9s qu\u2019avec votre consentement.<\/p>\n<h3 data-start=\"1191\" data-end=\"1230\">D) Cookies de fonctionnalit\u00e9 (facultatifs)<\/h3>\n<p data-start=\"1231\" data-end=\"1367\">Ceux-ci m\u00e9morisent certains choix pour rendre votre navigation plus fluide (pr\u00e9f\u00e9rences, formulaires, langue, etc.) lorsqu\u2019ils ne sont pas strictement n\u00e9cessaires.<\/p>\n<p data-start=\"1369\" data-end=\"1439\">\u27a1\ufe0f Ils ne sont plac\u00e9s qu\u2019avec votre consentement lorsqu\u2019ils ne sont pas essentiels.<\/p>\n<h2 data-start=\"1441\" data-end=\"1478\">3. Consentement&nbsp;: accepter, refuser, modifier<\/h2>\n<p data-start=\"1480\" data-end=\"1531\">Lors de votre premi\u00e8re visite, une banni\u00e8re de cookies vous permet de&nbsp;:<\/p>\n<ul data-start=\"1533\" data-end=\"1607\">\n<li data-start=\"1533\" data-end=\"1563\">\n<p data-start=\"1535\" data-end=\"1563\">accepter tous les cookies facultatifs,<\/p>\n<\/li>\n<li data-start=\"1564\" data-end=\"1578\">\n<p data-start=\"1566\" data-end=\"1578\">de les refuser,<\/p>\n<\/li>\n<li data-start=\"1579\" data-end=\"1607\">\n<p data-start=\"1581\" data-end=\"1607\">ou de personnaliser vos choix.<\/p>\n<\/li>\n<\/ul>\n<p data-start=\"1609\" data-end=\"1661\">Vous pouvez modifier ou retirer votre consentement \u00e0 tout moment&nbsp;:<\/p>\n<ul data-start=\"1663\" data-end=\"1769\">\n<li data-start=\"1663\" data-end=\"1724\">\n<p data-start=\"1665\" data-end=\"1724\">via le module\/bouton de pr\u00e9f\u00e9rences de cookies sur le site web, ou<\/p>\n<\/li>\n<li data-start=\"1725\" data-end=\"1769\">\n<p data-start=\"1727\" data-end=\"1769\">via les param\u00e8tres de votre navigateur (voir section&nbsp;6).<\/p>\n<\/li>\n<\/ul>\n<h2 data-start=\"1771\" data-end=\"1793\">4. Dur\u00e9e de conservation<\/h2>\n<p data-start=\"1795\" data-end=\"1821\">Sauf indication contraire&nbsp;:<\/p>\n<ul data-start=\"1823\" data-end=\"2055\">\n<li data-start=\"1823\" data-end=\"1938\">\n<p data-start=\"1825\" data-end=\"1938\"><strong data-start=\"1825\" data-end=\"1845\">Cookies facultatifs<\/strong> (analytiques\/marketing\/fonctionnalit\u00e9s non essentielles)&nbsp;: conserv\u00e9s pendant <strong data-start=\"1914\" data-end=\"1927\">13&nbsp;mois<\/strong> maximum.<\/p>\n<\/li>\n<li data-start=\"1939\" data-end=\"2055\">\n<p data-start=\"1941\" data-end=\"2055\"><strong data-start=\"1941\" data-end=\"1962\">Cookies n\u00e9cessaires<\/strong>&nbsp;: la conservation varie (souvent cookies de \u00ab&nbsp;session&nbsp;\u00bb ou jusqu\u2019\u00e0 <strong data-start=\"2015\" data-end=\"2028\">12&nbsp;mois<\/strong>, selon le cookie).<\/p>\n<\/li>\n<\/ul>\n<h2 data-start=\"2057\" data-end=\"2082\">5. Cookies tiers<\/h2>\n<p data-start=\"2084\" data-end=\"2202\">Certaines fonctionnalit\u00e9s peuvent impliquer des cookies plac\u00e9s par des tiers (par exemple, outils d\u2019analyse, balises publicitaires, contenu int\u00e9gr\u00e9).<\/p>\n<p data-start=\"2204\" data-end=\"2353\">Dans ce cas, ces tiers appliquent leurs propres politiques en mati\u00e8re de cookies et de confidentialit\u00e9. Les cookies tiers ne sont plac\u00e9s que conform\u00e9ment \u00e0 vos choix de consentement. <\/p>\n<h2 data-start=\"2355\" data-end=\"2398\">6. Comment g\u00e9rer les cookies dans votre navigateur<\/h2>\n<p data-start=\"2400\" data-end=\"2434\">Vous pouvez configurer votre navigateur pour&nbsp;:<\/p>\n<ul data-start=\"2436\" data-end=\"2535\">\n<li data-start=\"2436\" data-end=\"2464\">\n<p data-start=\"2438\" data-end=\"2464\">bloquer tous les cookies ou certains d\u2019entre eux,<\/p>\n<\/li>\n<li data-start=\"2465\" data-end=\"2491\">\n<p data-start=\"2467\" data-end=\"2491\">supprimer les cookies existants,<\/p>\n<\/li>\n<li data-start=\"2492\" data-end=\"2535\">\n<p data-start=\"2494\" data-end=\"2535\">\u00eatre alert\u00e9 lorsqu\u2019un cookie est plac\u00e9.<\/p>\n<\/li>\n<\/ul>\n<p data-start=\"2537\" data-end=\"2648\">\u26a0\ufe0f Veuillez noter&nbsp;: le blocage des cookies strictement n\u00e9cessaires peut emp\u00eacher certaines fonctionnalit\u00e9s du site web de fonctionner correctement.<\/p>\n<h2 data-start=\"2650\" data-end=\"2663\">7. Contact<\/h2>\n<p data-start=\"2665\" data-end=\"2738\">Si vous avez des questions concernant cette politique en mati\u00e8re de cookies ou vos donn\u00e9es personnelles&nbsp;:<\/p>\n<p data-start=\"2740\" data-end=\"2765\">E-mail&nbsp;: <a class=\"decorated-link cursor-pointer\" rel=\"noopener\" data-start=\"2747\" data-end=\"2765\">Contact@mogup.immo<\/a><\/p>\n<h2 data-start=\"2767\" data-end=\"2787\">8. Mises \u00e0 jour de la politique<\/h2>\n<p data-start=\"2789\" data-end=\"2955\" data-is-last-node=\"\" data-is-only-node=\"\">Nous pouvons mettre \u00e0 jour cette politique en mati\u00e8re de cookies \u00e0 tout moment (modifications techniques ou r\u00e9glementaires). La date de mise \u00e0 jour indiqu\u00e9e en haut de la page indique la version actuellement en vigueur. <\/p>\n<\/div>\n<\/div>\n<\/div>\n<\/div>\n<\/div>\n<\/div>\n<\/article>\n<\/div>\n","protected":false},"excerpt":{"rendered":"<p>Derni\u00e8re mise \u00e0 jour&nbsp;: 24\/01\/2026 1. Qu\u2019est-ce qu\u2019un cookie&nbsp;? Un cookie (ou traceur) est un petit fichier enregistr\u00e9 sur votre appareil (ordinateur, t\u00e9l\u00e9phone portable, tablette) lorsque vous visitez un site web. Il contribue \u00e0 assurer le bon fonctionnement du site, am\u00e9liore l\u2019exp\u00e9rience utilisateur, s\u00e9curise la navigation et, selon vos choix, mesure le trafic ou propose [&hellip;]<\/p>\n","protected":false},"author":1,"featured_media":0,"parent":0,"menu_order":0,"comment_status":"closed","ping_status":"closed","template":"","meta":{"footnotes":""},"class_list":["post-6212","page","type-page","status-publish","hentry"],"_hostinger_reach_plugin_has_subscription_block":false,"_hostinger_reach_plugin_is_elementor":false,"_links":{"self":[{"href":"https:\/\/mogup.immo\/fr\/wp-json\/wp\/v2\/pages\/6212","targetHints":{"allow":["GET"]}}],"collection":[{"href":"https:\/\/mogup.immo\/fr\/wp-json\/wp\/v2\/pages"}],"about":[{"href":"https:\/\/mogup.immo\/fr\/wp-json\/wp\/v2\/types\/page"}],"author":[{"embeddable":true,"href":"https:\/\/mogup.immo\/fr\/wp-json\/wp\/v2\/users\/1"}],"replies":[{"embeddable":true,"href":"https:\/\/mogup.immo\/fr\/wp-json\/wp\/v2\/comments?post=6212"}],"version-history":[{"count":1,"href":"https:\/\/mogup.immo\/fr\/wp-json\/wp\/v2\/pages\/6212\/revisions"}],"predecessor-version":[{"id":6213,"href":"https:\/\/mogup.immo\/fr\/wp-json\/wp\/v2\/pages\/6212\/revisions\/6213"}],"wp:attachment":[{"href":"https:\/\/mogup.immo\/fr\/wp-json\/wp\/v2\/media?parent=6212"}],"curies":[{"name":"wp","href":"https:\/\/api.w.org\/{rel}","templated":true}]}}