{"id":6260,"date":"2016-03-16T19:50:28","date_gmt":"2016-03-16T19:50:28","guid":{"rendered":"https:\/\/mogup.immo\/contact\/"},"modified":"2026-02-01T19:35:51","modified_gmt":"2026-02-01T19:35:51","slug":"contact","status":"publish","type":"page","link":"https:\/\/mogup.immo\/fr\/contact\/","title":{"rendered":"Contact"},"content":{"rendered":"\t\t<div data-elementor-type=\"wp-post\" data-elementor-id=\"6260\" class=\"elementor elementor-6260 elementor-1100\">\n\t\t\t\t\t\t<section class=\"elementor-section elementor-top-section elementor-element elementor-element-17221519 elementor-section-boxed elementor-section-height-default elementor-section-height-default\" data-id=\"17221519\" data-element_type=\"section\" data-e-type=\"section\">\n\t\t\t\t\t\t<div class=\"elementor-container elementor-column-gap-default\">\n\t\t\t\t\t<div class=\"elementor-column elementor-col-100 elementor-top-column elementor-element elementor-element-75ab0490\" data-id=\"75ab0490\" data-element_type=\"column\" data-e-type=\"column\">\n\t\t\t<div class=\"elementor-widget-wrap elementor-element-populated\">\n\t\t\t\t\t\t<div class=\"elementor-element elementor-element-471b5610 elementor-widget elementor-widget-houzez_elementor_space\" data-id=\"471b5610\" data-element_type=\"widget\" data-e-type=\"widget\" data-widget_type=\"houzez_elementor_space.default\">\n\t\t\t\t<div class=\"elementor-widget-container\">\n\t\t\t\t\t        <div class=\"houzez-spacer\">\n            <div class=\"houzez-spacer-inner\"><\/div>\n        <\/div>\n        \t\t\t\t<\/div>\n\t\t\t\t<\/div>\n\t\t\t\t<div class=\"elementor-element elementor-element-5a09826e elementor-widget elementor-widget-heading\" data-id=\"5a09826e\" data-element_type=\"widget\" data-e-type=\"widget\" data-widget_type=\"heading.default\">\n\t\t\t\t\t<h1 class=\"elementor-heading-title elementor-size-xl\">Contactez-nous\n<\/h1>\t\t\t\t<\/div>\n\t\t\t\t<div class=\"elementor-element elementor-element-21c55ecf elementor-widget elementor-widget-heading\" data-id=\"21c55ecf\" data-element_type=\"widget\" data-e-type=\"widget\" data-widget_type=\"heading.default\">\n\t\t\t\t\t<p class=\"elementor-heading-title elementor-size-medium\">Nous proposons des propri\u00e9t\u00e9s exceptionnelles adapt\u00e9es \u00e0 tous vos besoins \u00e0 Essaouira et dans ses environs.<\/p>\t\t\t\t<\/div>\n\t\t\t\t<div class=\"elementor-element elementor-element-374aee2 elementor-widget elementor-widget-houzez_elementor_space\" data-id=\"374aee2\" data-element_type=\"widget\" data-e-type=\"widget\" data-widget_type=\"houzez_elementor_space.default\">\n\t\t\t\t<div class=\"elementor-widget-container\">\n\t\t\t\t\t        <div class=\"houzez-spacer\">\n            <div class=\"houzez-spacer-inner\"><\/div>\n        <\/div>\n        \t\t\t\t<\/div>\n\t\t\t\t<\/div>\n\t\t\t\t\t<\/div>\n\t\t<\/div>\n\t\t\t\t\t<\/div>\n\t\t<\/section>\n\t\t\t\t<section class=\"elementor-section elementor-top-section elementor-element elementor-element-6d834ca0 elementor-section-boxed elementor-section-height-default elementor-section-height-default\" data-id=\"6d834ca0\" data-element_type=\"section\" data-e-type=\"section\">\n\t\t\t\t\t\t<div class=\"elementor-container elementor-column-gap-default\">\n\t\t\t\t\t<div class=\"elementor-column elementor-col-50 elementor-top-column elementor-element elementor-element-3987d9c8\" data-id=\"3987d9c8\" data-element_type=\"column\" data-e-type=\"column\">\n\t\t\t<div class=\"elementor-widget-wrap elementor-element-populated\">\n\t\t\t\t\t\t<div class=\"elementor-element elementor-element-583912d elementor-widget__width-inherit elementor-widget elementor-widget-shortcode\" data-id=\"583912d\" data-element_type=\"widget\" data-e-type=\"widget\" data-widget_type=\"shortcode.default\">\n\t\t\t\t\t\t\t<div class=\"elementor-shortcode\"><iframe src=\"https:\/\/api.leadconnectorhq.com\/widget\/form\/v8YeKP2KbXuyVInwUkqP\" style=\"width:100%;height:100%;border:none;border-radius:4px\" id=\"inline-v8YeKP2KbXuyVInwUkqP\" data-layout=\"{'id':'INLINE'}\" data-trigger-type=\"alwaysShow\" data-trigger-value=\"\" data-activation-type=\"alwaysActivated\" data-activation-value=\"\" data-deactivation-type=\"neverDeactivate\" data-deactivation-value=\"\" data-form-name=\"  Formulaire de Contact\" data-height=\"526\" data-layout-iframe-id=\"inline-v8YeKP2KbXuyVInwUkqP\" data-form-id=\"v8YeKP2KbXuyVInwUkqP\" title=\" Formulaire de contact\">\n<\/iframe>\n<script src=\"https:\/\/link.msgsndr.com\/js\/form_embed.js\"><\/script><\/div>\n\t\t\t\t\t\t<\/div>\n\t\t\t\t\t<\/div>\n\t\t<\/div>\n\t\t\t\t<div class=\"elementor-column elementor-col-50 elementor-top-column elementor-element elementor-element-4f150150\" data-id=\"4f150150\" data-element_type=\"column\" data-e-type=\"column\">\n\t\t\t<div class=\"elementor-widget-wrap elementor-element-populated\">\n\t\t\t\t\t\t<div class=\"elementor-element elementor-element-7aaaab76 elementor-widget elementor-widget-text-editor\" data-id=\"7aaaab76\" data-element_type=\"widget\" data-e-type=\"widget\" data-widget_type=\"text-editor.default\">\n\t\t\t\t\t\t\t\t\t<div class=\"flex flex-col text-sm pb-25\"><article class=\"text-token-text-primary w-full focus:outline-none [--shadow-height:45px] has-data-writing-block:pointer-events-none has-data-writing-block:-mt-(--shadow-height) has-data-writing-block:pt-(--shadow-height) [&amp;:has([data-writing-block])&gt;*]:pointer-events-auto [content-visibility:auto] supports-[content-visibility:auto]:[contain-intrinsic-size:auto_100lvh] scroll-mt-[calc(var(--header-height)+min(200px,max(70px,20svh)))]\" dir=\"auto\" tabindex=\"-1\" data-turn-id=\"d214824d-4b64-4072-8db1-ccb7bda14695\" data-testid=\"conversation-turn-2\" data-scroll-anchor=\"true\" data-turn=\"assistant\"><div class=\"text-base my-auto mx-auto pb-10 [--thread-content-margin:--spacing(4)] @w-sm\/main:[--thread-content-margin:--spacing(6)] @w-lg\/main:[--thread-content-margin:--spacing(16)] px-(--thread-content-margin)\"><div class=\"[--thread-content-max-width:40rem] @w-lg\/main:[--thread-content-max-width:48rem] mx-auto max-w-(--thread-content-max-width) flex-1 group\/turn-messages focus-visible:outline-hidden relative flex w-full min-w-0 flex-col agent-turn\" tabindex=\"-1\"><div class=\"flex max-w-full flex-col grow\"><div class=\"min-h-8 text-message relative flex w-full flex-col items-end gap-2 text-start break-words whitespace-normal [.text-message+&amp;]:mt-1\" dir=\"auto\" data-message-author-role=\"assistant\" data-message-id=\"3c1ae986-2641-4cc5-b798-b2e98138d746\" data-message-model-slug=\"gpt-5-2-thinking\"><div class=\"flex w-full flex-col gap-1 empty:hidden first:pt-[1px]\"><div class=\"markdown prose dark:prose-invert w-full wrap-break-word dark markdown-new-styling\"><p data-start=\"34\" data-end=\"209\"><strong data-start=\"34\" data-end=\"54\">Youssef Azeroual<\/strong><br data-start=\"54\" data-end=\"57\">Directeur G\u00e9n\u00e9ral<br data-start=\"74\" data-end=\"77\" data-is-only-node=\"\">CHEZ MBC, Apt 2, 2\u00e8me \u00e9tage, Lot Bouhaira<br data-start=\"117\" data-end=\"120\">450-5 Avenue Al Aqaba<br data-start=\"141\" data-end=\"144\">44000 Essaouira, Maroc<br data-start=\"168\" data-end=\"171\"><a class=\"decorated-link cursor-pointer\" rel=\"noopener\" data-start=\"171\" data-end=\"189\">Contact@mogup.immo<\/a><br data-start=\"189\" data-end=\"192\">+212 608-487415<\/p><p data-start=\"211\" data-end=\"249\" data-is-last-node=\"\" data-is-only-node=\"\"><strong data-start=\"211\" data-end=\"233\">WhatsApp Business :<\/strong> +212 708-420208<\/p><\/div><\/div><\/div><\/div><\/div><\/div><\/article><\/div>\t\t\t\t\t\t\t\t<\/div>\n\t\t\t\t<div class=\"elementor-element elementor-element-b2d8ce elementor-widget elementor-widget-text-editor\" data-id=\"b2d8ce\" data-element_type=\"widget\" data-e-type=\"widget\" data-widget_type=\"text-editor.default\">\n\t\t\t\t\t\t\t\t\t<div class=\"flex flex-col text-sm pb-25\"><article class=\"text-token-text-primary w-full focus:outline-none [--shadow-height:45px] has-data-writing-block:pointer-events-none has-data-writing-block:-mt-(--shadow-height) has-data-writing-block:pt-(--shadow-height) [&amp;:has([data-writing-block])&gt;*]:pointer-events-auto scroll-mt-[calc(var(--header-height)+min(200px,max(70px,20svh)))]\" dir=\"auto\" tabindex=\"-1\" data-turn-id=\"request-WEB:912ddea5-c9e0-421f-88f8-e7420a962f1a-1\" data-testid=\"conversation-turn-4\" data-scroll-anchor=\"true\" data-turn=\"assistant\"><div class=\"text-base my-auto mx-auto pb-10 [--thread-content-margin:--spacing(4)] @w-sm\/main:[--thread-content-margin:--spacing(6)] @w-lg\/main:[--thread-content-margin:--spacing(16)] px-(--thread-content-margin)\"><div class=\"[--thread-content-max-width:40rem] @w-lg\/main:[--thread-content-max-width:48rem] mx-auto max-w-(--thread-content-max-width) flex-1 group\/turn-messages focus-visible:outline-hidden relative flex w-full min-w-0 flex-col agent-turn\" tabindex=\"-1\"><div class=\"flex max-w-full flex-col grow\"><div class=\"min-h-8 text-message relative flex w-full flex-col items-end gap-2 text-start break-words whitespace-normal [.text-message+&amp;]:mt-1\" dir=\"auto\" data-message-author-role=\"assistant\" data-message-id=\"06d6003c-d2db-4ea5-85f4-023dc5b1e61b\" data-message-model-slug=\"gpt-5-2-thinking\"><div class=\"flex w-full flex-col gap-1 empty:hidden first:pt-[1px]\"><div class=\"markdown prose dark:prose-invert w-full wrap-break-word dark markdown-new-styling\"><p data-start=\"116\" data-end=\"248\" data-is-last-node=\"\" data-is-only-node=\"\"><strong data-start=\"116\" data-end=\"137\">Si\u00e8ge social<\/strong><br data-start=\"137\" data-end=\"140\">CHEZ MBC, Apt 2, 2\u00e8me \u00e9tage, Lot Bouhaira<br data-start=\"180\" data-end=\"183\">450-5 Avenue Al Aqaba<br data-start=\"204\" data-end=\"207\">44000 Essaouira<br data-start=\"222\" data-end=\"225\">Marrakech\u2013Safi, Maroc<\/p><\/div><\/div><\/div><\/div><\/div><\/div><\/article><\/div>\t\t\t\t\t\t\t\t<\/div>\n\t\t\t\t\t<\/div>\n\t\t<\/div>\n\t\t\t\t\t<\/div>\n\t\t<\/section>\n\t\t\t\t<section class=\"elementor-section elementor-top-section elementor-element elementor-element-484ae7d elementor-section-boxed elementor-section-height-default elementor-section-height-default\" data-id=\"484ae7d\" data-element_type=\"section\" data-e-type=\"section\">\n\t\t\t\t\t\t<div class=\"elementor-container elementor-column-gap-default\">\n\t\t\t\t\t<div class=\"elementor-column elementor-col-100 elementor-top-column elementor-element elementor-element-d92c422\" data-id=\"d92c422\" data-element_type=\"column\" data-e-type=\"column\">\n\t\t\t<div class=\"elementor-widget-wrap elementor-element-populated\">\n\t\t\t\t\t\t<div class=\"elementor-element elementor-element-c99f6eb elementor-widget elementor-widget-houzez_elementor_space\" data-id=\"c99f6eb\" data-element_type=\"widget\" data-e-type=\"widget\" data-widget_type=\"houzez_elementor_space.default\">\n\t\t\t\t<div class=\"elementor-widget-container\">\n\t\t\t\t\t        <div class=\"houzez-spacer\">\n            <div class=\"houzez-spacer-inner\"><\/div>\n        <\/div>\n        \t\t\t\t<\/div>\n\t\t\t\t<\/div>\n\t\t\t\t\t<\/div>\n\t\t<\/div>\n\t\t\t\t\t<\/div>\n\t\t<\/section>\n\t\t\t\t<\/div>\n\t\t","protected":false},"excerpt":{"rendered":"<p>Contactez-nous Nous proposons des propri\u00e9t\u00e9s exceptionnelles adapt\u00e9es \u00e0 tous vos besoins \u00e0 Essaouira et dans ses environs. Youssef AzeroualDirecteur G\u00e9n\u00e9ralCHEZ MBC, Apt 2, 2\u00e8me \u00e9tage, Lot Bouhaira450-5 Avenue Al Aqaba44000 Essaouira, MarocContact@mogup.immo+212 608-487415 WhatsApp Business : +212 708-420208 Si\u00e8ge socialCHEZ MBC, Apt 2, 2\u00e8me \u00e9tage, Lot Bouhaira450-5 Avenue Al Aqaba44000 EssaouiraMarrakech\u2013Safi, Maroc<\/p>\n","protected":false},"author":1,"featured_media":0,"parent":0,"menu_order":0,"comment_status":"closed","ping_status":"closed","template":"elementor_header_footer","meta":{"footnotes":""},"class_list":["post-6260","page","type-page","status-publish","hentry"],"_hostinger_reach_plugin_has_subscription_block":false,"_hostinger_reach_plugin_is_elementor":false,"_links":{"self":[{"href":"https:\/\/mogup.immo\/fr\/wp-json\/wp\/v2\/pages\/6260","targetHints":{"allow":["GET"]}}],"collection":[{"href":"https:\/\/mogup.immo\/fr\/wp-json\/wp\/v2\/pages"}],"about":[{"href":"https:\/\/mogup.immo\/fr\/wp-json\/wp\/v2\/types\/page"}],"author":[{"embeddable":true,"href":"https:\/\/mogup.immo\/fr\/wp-json\/wp\/v2\/users\/1"}],"replies":[{"embeddable":true,"href":"https:\/\/mogup.immo\/fr\/wp-json\/wp\/v2\/comments?post=6260"}],"version-history":[{"count":2,"href":"https:\/\/mogup.immo\/fr\/wp-json\/wp\/v2\/pages\/6260\/revisions"}],"predecessor-version":[{"id":6262,"href":"https:\/\/mogup.immo\/fr\/wp-json\/wp\/v2\/pages\/6260\/revisions\/6262"}],"wp:attachment":[{"href":"https:\/\/mogup.immo\/fr\/wp-json\/wp\/v2\/media?parent=6260"}],"curies":[{"name":"wp","href":"https:\/\/api.w.org\/{rel}","templated":true}]}}