{"id":6271,"date":"2026-01-24T15:36:41","date_gmt":"2026-01-24T15:36:41","guid":{"rendered":"https:\/\/mogup.immo\/mentions-legales\/"},"modified":"2026-02-01T19:36:06","modified_gmt":"2026-02-01T19:36:06","slug":"mentions-legales","status":"publish","type":"page","link":"https:\/\/mogup.immo\/fr\/mentions-legales\/","title":{"rendered":"Mentions l\u00e9gales"},"content":{"rendered":"<div class=\"flex flex-col text-sm pb-25\">\n<article class=\"text-token-text-primary w-full focus:outline-none [--shadow-height:45px] has-data-writing-block:pointer-events-none has-data-writing-block:-mt-(--shadow-height) has-data-writing-block:pt-(--shadow-height) [&amp;:has([data-writing-block])&gt;*]:pointer-events-auto [content-visibility:auto] supports-[content-visibility:auto]:[contain-intrinsic-size:auto_100lvh] scroll-mt-[calc(var(--header-height)+min(200px,max(70px,20svh)))]\" dir=\"auto\" tabindex=\"-1\" data-turn-id=\"ab760868-d3c6-46b5-b200-fdad7a62a292\" data-testid=\"conversation-turn-2\" data-scroll-anchor=\"true\" data-turn=\"assistant\">\n<div class=\"text-base my-auto mx-auto pb-10 [--thread-content-margin:--spacing(4)] @w-sm\/main:[--thread-content-margin:--spacing(6)] @w-lg\/main:[--thread-content-margin:--spacing(16)] px-(--thread-content-margin)\">\n<div class=\"[--thread-content-max-width:40rem] @w-lg\/main:[--thread-content-max-width:48rem] mx-auto max-w-(--thread-content-max-width) flex-1 group\/turn-messages focus-visible:outline-hidden relative flex w-full min-w-0 flex-col agent-turn\" tabindex=\"-1\">\n<div class=\"flex max-w-full flex-col grow\">\n<div class=\"min-h-8 text-message relative flex w-full flex-col items-end gap-2 text-start break-words whitespace-normal [.text-message+&amp;]:mt-1\" dir=\"auto\" data-message-author-role=\"assistant\" data-message-id=\"48545388-3655-4140-9feb-60840c3518dc\" data-message-model-slug=\"gpt-5-2-thinking\">\n<div class=\"flex w-full flex-col gap-1 empty:hidden first:pt-[1px]\">\n<div class=\"markdown prose dark:prose-invert w-full wrap-break-word dark markdown-new-styling\">\n<ol data-start=\"0\" data-end=\"38\">\n<li data-start=\"0\" data-end=\"38\">\n<p data-start=\"3\" data-end=\"38\"><strong data-start=\"3\" data-end=\"38\">\u00c9diteur du site web (Directeur de la publication)<\/strong><\/p>\n<\/li>\n<\/ol>\n<p data-start=\"40\" data-end=\"254\">Nom commercial&nbsp;: Mogup<br data-start=\"57\" data-end=\"60\">D\u00e9nomination sociale (entit\u00e9 juridique)&nbsp;: MOGUP SARL<br data-start=\"99\" data-end=\"102\">Forme juridique&nbsp;: SARL (Soci\u00e9t\u00e9 \u00e0 responsabilit\u00e9 limit\u00e9e)<br data-start=\"146\" data-end=\"149\">Registre du commerce (RC)&nbsp;: 8075<br data-start=\"179\" data-end=\"182\">Identifiant fiscal (IF)&nbsp;: 66970353<br data-start=\"203\" data-end=\"206\">Identifiant d\u2019entreprise (ICE)&nbsp;: 003708714000053<\/p>\n<p data-start=\"256\" data-end=\"383\">Si\u00e8ge social&nbsp;:<br data-start=\"274\" data-end=\"277\">CHEZ MBC APP 2\u00c8ME \u00c9TAGE LOT BOUHAIRA<br data-start=\"312\" data-end=\"315\">450-5 AVENUE AL AQABA<br data-start=\"336\" data-end=\"339\">44000 ESSAOUIRA \u2014 Marrakech-Safi \u2014 Maroc<\/p>\n<p data-start=\"385\" data-end=\"467\">T\u00e9l\u00e9phone&nbsp;: +212 608-487415<br data-start=\"407\" data-end=\"410\">Courriel&nbsp;: <a class=\"decorated-link cursor-pointer\" rel=\"noopener\" data-start=\"417\" data-end=\"435\">Contact@mogup.immo<\/a><br data-start=\"435\" data-end=\"438\">Site web&nbsp;: <a class=\"decorated-link\" href=\"https:\/\/mogup.immo\/fr\/\" target=\"_new\" rel=\"noopener\" data-start=\"447\" data-end=\"465\">https:\/\/mogup.immo<\/a><\/p>\n<ol start=\"2\" data-start=\"469\" data-end=\"498\">\n<li data-start=\"469\" data-end=\"498\">\n<p data-start=\"472\" data-end=\"498\"><strong data-start=\"472\" data-end=\"498\">Gestion de la publication<\/strong><\/p>\n<\/li>\n<\/ol>\n<p data-start=\"500\" data-end=\"654\">Directeur g\u00e9n\u00e9ral \/ G\u00e9rant&nbsp;: Youssef Azeroual \u2014 G\u00e9rant \u2014 <a class=\"decorated-link cursor-pointer\" rel=\"noopener\" data-start=\"558\" data-end=\"576\">Contact@mogup.immo<\/a><br data-start=\"576\" data-end=\"579\">Directeur de la publication \/ Personne responsable de la publication&nbsp;: Mohamed Asttif<\/p>\n<ol start=\"3\" data-start=\"656\" data-end=\"670\">\n<li data-start=\"656\" data-end=\"670\">\n<p data-start=\"659\" data-end=\"670\"><strong data-start=\"659\" data-end=\"670\">H\u00e9bergement<\/strong><\/p>\n<\/li>\n<\/ol>\n<p data-start=\"672\" data-end=\"855\">H\u00e9bergeur&nbsp;: Hostinger<br data-start=\"699\" data-end=\"702\">Adresse&nbsp;: Jonavos g. 60C, 44192 Kaunas (ou \u0160vitrigailos str. 34, 03230 Vilnius) \u2014 Lituanie<br data-start=\"792\" data-end=\"795\">T\u00e9l\u00e9phone&nbsp;: +370 645 03378<br data-start=\"816\" data-end=\"819\">Site web&nbsp;: <a class=\"decorated-link\" href=\"http:\/\/www.hostinger.com\/\" target=\"_new\" rel=\"noopener\" data-start=\"828\" data-end=\"853\">http:\/\/www.hostinger.com\/<\/a> <\/p>\n<ol start=\"4\" data-start=\"857\" data-end=\"885\">\n<li data-start=\"857\" data-end=\"885\">\n<p data-start=\"860\" data-end=\"885\"><strong data-start=\"860\" data-end=\"885\">Propri\u00e9t\u00e9 intellectuelle<\/strong><\/p>\n<\/li>\n<\/ol>\n<p data-start=\"887\" data-end=\"1277\">L\u2019ensemble du contenu de ce site web (structure, textes, images, graphiques, logos, vid\u00e9os, ic\u00f4nes, \u00e9l\u00e9ments t\u00e9l\u00e9chargeables, bases de donn\u00e9es, etc.) est prot\u00e9g\u00e9 par les lois applicables en mati\u00e8re de propri\u00e9t\u00e9 intellectuelle.<br data-start=\"1067\" data-end=\"1070\">Sauf indication contraire, toute reproduction, repr\u00e9sentation, modification, publication ou adaptation, en tout ou en partie, par quelque moyen que ce soit, est interdite sans l\u2019autorisation \u00e9crite pr\u00e9alable de Mogup.<\/p>\n<ol start=\"5\" data-start=\"1279\" data-end=\"1295\">\n<li data-start=\"1279\" data-end=\"1295\">\n<p data-start=\"1282\" data-end=\"1295\"><strong data-start=\"1282\" data-end=\"1295\">Responsabilit\u00e9<\/strong><\/p>\n<\/li>\n<\/ol>\n<p data-start=\"1297\" data-end=\"1724\">Mogup met tout en \u0153uvre pour fournir des informations fiables et \u00e0 jour. Toutefois, Mogup ne garantit pas l\u2019exactitude, l\u2019exhaustivit\u00e9 ou l\u2019actualit\u00e9 des informations publi\u00e9es sur le site web.<br data-start=\"1490\" data-end=\"1493\">L\u2019utilisation du site web se fait enti\u00e8rement aux risques et p\u00e9rils de l\u2019utilisateur. Mogup ne saurait \u00eatre tenu responsable des dommages directs ou indirects li\u00e9s \u00e0 l\u2019acc\u00e8s ou \u00e0 l\u2019utilisation du site web, notamment en cas d\u2019interruption, de bugs ou de pr\u00e9sence de virus.  <\/p>\n<ol start=\"6\" data-start=\"1726\" data-end=\"1743\">\n<li data-start=\"1726\" data-end=\"1743\">\n<p data-start=\"1729\" data-end=\"1743\"><strong data-start=\"1729\" data-end=\"1743\">Liens hypertextes<\/strong><\/p>\n<\/li>\n<\/ol>\n<p data-start=\"1745\" data-end=\"1915\">Le site web peut contenir des liens vers des sites web tiers. Mogup n\u2019a aucun contr\u00f4le sur ces sites web et d\u00e9cline toute responsabilit\u00e9 quant \u00e0 leur contenu, leurs politiques ou leurs pratiques. <\/p>\n<ol start=\"7\" data-start=\"1917\" data-end=\"1947\">\n<li data-start=\"1917\" data-end=\"1947\">\n<p data-start=\"1920\" data-end=\"1947\"><strong data-start=\"1920\" data-end=\"1947\">Donn\u00e9es personnelles (R\u00e9sum\u00e9)<\/strong><\/p>\n<\/li>\n<\/ol>\n<p data-start=\"1949\" data-end=\"2075\">Le traitement des donn\u00e9es personnelles est d\u00e9crit en d\u00e9tail dans la page Politique de confidentialit\u00e9.<br data-start=\"2031\" data-end=\"2034\">Contact pour les donn\u00e9es personnelles&nbsp;: <a class=\"decorated-link cursor-pointer\" rel=\"noopener\" data-start=\"2057\" data-end=\"2075\">Contact@mogup.immo<\/a><\/p>\n<ol start=\"8\" data-start=\"2077\" data-end=\"2112\">\n<li data-start=\"2077\" data-end=\"2112\">\n<p data-start=\"2080\" data-end=\"2112\"><strong data-start=\"2080\" data-end=\"2112\">Droit applicable et juridiction<\/strong><\/p>\n<\/li>\n<\/ol>\n<p data-start=\"2114\" data-end=\"2310\" data-is-last-node=\"\" data-is-only-node=\"\">Les pr\u00e9sentes mentions l\u00e9gales sont r\u00e9gies par les lois applicables au Maroc. En cas de litige, et \u00e0 d\u00e9faut de r\u00e9solution amiable, les tribunaux comp\u00e9tents seront ceux ayant comp\u00e9tence territoriale. <\/p>\n<\/div>\n<\/div>\n<\/div>\n<\/div>\n<\/div>\n<\/div>\n<\/article>\n<\/div>\n","protected":false},"excerpt":{"rendered":"<p>\u00c9diteur du site web (Directeur de la publication) Nom commercial&nbsp;: MogupD\u00e9nomination sociale (entit\u00e9 juridique)&nbsp;: MOGUP SARLForme juridique&nbsp;: SARL (Soci\u00e9t\u00e9 \u00e0 responsabilit\u00e9 limit\u00e9e)Registre du commerce (RC)&nbsp;: 8075Identifiant fiscal (IF)&nbsp;: 66970353Identifiant d\u2019entreprise (ICE)&nbsp;: 003708714000053 Si\u00e8ge social&nbsp;:CHEZ MBC APP 2\u00c8ME \u00c9TAGE LOT BOUHAIRA450-5 AVENUE AL AQABA44000 ESSAOUIRA \u2014 Marrakech-Safi \u2014 Maroc T\u00e9l\u00e9phone&nbsp;: +212 608-487415Courriel&nbsp;: Contact@mogup.immoSite web&nbsp;: https:\/\/mogup.immo Gestion [&hellip;]<\/p>\n","protected":false},"author":1,"featured_media":0,"parent":0,"menu_order":0,"comment_status":"closed","ping_status":"closed","template":"","meta":{"footnotes":""},"class_list":["post-6271","page","type-page","status-publish","hentry"],"_hostinger_reach_plugin_has_subscription_block":false,"_hostinger_reach_plugin_is_elementor":false,"_links":{"self":[{"href":"https:\/\/mogup.immo\/fr\/wp-json\/wp\/v2\/pages\/6271","targetHints":{"allow":["GET"]}}],"collection":[{"href":"https:\/\/mogup.immo\/fr\/wp-json\/wp\/v2\/pages"}],"about":[{"href":"https:\/\/mogup.immo\/fr\/wp-json\/wp\/v2\/types\/page"}],"author":[{"embeddable":true,"href":"https:\/\/mogup.immo\/fr\/wp-json\/wp\/v2\/users\/1"}],"replies":[{"embeddable":true,"href":"https:\/\/mogup.immo\/fr\/wp-json\/wp\/v2\/comments?post=6271"}],"version-history":[{"count":1,"href":"https:\/\/mogup.immo\/fr\/wp-json\/wp\/v2\/pages\/6271\/revisions"}],"predecessor-version":[{"id":6272,"href":"https:\/\/mogup.immo\/fr\/wp-json\/wp\/v2\/pages\/6271\/revisions\/6272"}],"wp:attachment":[{"href":"https:\/\/mogup.immo\/fr\/wp-json\/wp\/v2\/media?parent=6271"}],"curies":[{"name":"wp","href":"https:\/\/api.w.org\/{rel}","templated":true}]}}